{"id":374,"date":"2018-03-13T13:11:13","date_gmt":"2018-03-13T11:11:13","guid":{"rendered":"https:\/\/www.aakkosto.fi\/en\/?page_id=374"},"modified":"2018-03-13T13:14:38","modified_gmt":"2018-03-13T11:14:38","slug":"german-translations","status":"publish","type":"page","link":"https:\/\/www.aakkosto.fi\/en\/translation-services\/german-translations\/","title":{"rendered":"German Translations"},"content":{"rendered":"<h1>\n\t\tGerman Translations<br \/>\n\t<\/h1>\n<p>We offer translations from English into German and vice versa.<\/p>\n<p>Our German offer consists of <a href=\"https:\/\/www.aakkosto.fi\/en\/translation-services\/\">basic and reviewed translations<\/a>.<\/p>\n<p>Currently, we do not offer authorised translations in language pairs for which either the source or target language is German.<\/p>\n<p>\t\t\t\t\t\t<img decoding=\"async\" src=\"https:\/\/www.aakkosto.fi\/wp_aakkosto_2017\/wp-content\/uploads\/Aakkosto_logo_330x330_clean.jpg\" \/><\/p>\n<h3>\n\t\tOta yhteytt\u00e4<br \/>\n\t<\/h3>\n<p>K\u00e4\u00e4nn\u00f6stoimisto Aakkosto Oy<br \/>\nKavaljeerintie 10 A<br \/>\nFI-01520 VANTAA<br \/>\nVAT: FI 24416318<\/p>\n<p>Email: <a href=\"mailto:info@aakkosto.fi\">info@aakkosto.fi<\/a><\/p>\n<h3>\n\t\tSoita tai l\u00e4het\u00e4 viesti<br \/>\n\t<\/h3>\n<h3>\n\t\tSeuraa Aakkostoa<br \/>\n\t<\/h3>\n<p style=\"text-align: center;\">Copyright \u00a9 2006-2018 by <a href=\"http:\/\/www.aakkosto.fi\/\">Aakkosto Oy<\/a>. All Rights Reserved.<\/p>\n","protected":false},"excerpt":{"rendered":"<p>German Translations We offer translations from English into German and vice versa. Our German offer consists of basic and reviewed translations. Currently, we do not offer authorised translations in language pairs for which either the source or target language is German. Ota yhteytt\u00e4 K\u00e4\u00e4nn\u00f6stoimisto Aakkosto Oy Kavaljeerintie 10 A FI-01520 VANTAA VAT: FI 24416318 Email:&hellip;<\/p>\n","protected":false},"author":3,"featured_media":0,"parent":239,"menu_order":0,"comment_status":"closed","ping_status":"closed","template":"","meta":{"_seopress_robots_primary_cat":"","_seopress_titles_title":"German Translations - Finnish Translation Agency Aakkosto Oy","_seopress_titles_desc":"We offer translations from English into German and vice versa. Our German offer consists of basic and reviewed translations.","_seopress_robots_index":"","footnotes":""},"class_list":["post-374","page","type-page","status-publish","hentry"],"_links":{"self":[{"href":"https:\/\/www.aakkosto.fi\/en\/wp-json\/wp\/v2\/pages\/374","targetHints":{"allow":["GET"]}}],"collection":[{"href":"https:\/\/www.aakkosto.fi\/en\/wp-json\/wp\/v2\/pages"}],"about":[{"href":"https:\/\/www.aakkosto.fi\/en\/wp-json\/wp\/v2\/types\/page"}],"author":[{"embeddable":true,"href":"https:\/\/www.aakkosto.fi\/en\/wp-json\/wp\/v2\/users\/3"}],"replies":[{"embeddable":true,"href":"https:\/\/www.aakkosto.fi\/en\/wp-json\/wp\/v2\/comments?post=374"}],"version-history":[{"count":3,"href":"https:\/\/www.aakkosto.fi\/en\/wp-json\/wp\/v2\/pages\/374\/revisions"}],"predecessor-version":[{"id":377,"href":"https:\/\/www.aakkosto.fi\/en\/wp-json\/wp\/v2\/pages\/374\/revisions\/377"}],"up":[{"embeddable":true,"href":"https:\/\/www.aakkosto.fi\/en\/wp-json\/wp\/v2\/pages\/239"}],"wp:attachment":[{"href":"https:\/\/www.aakkosto.fi\/en\/wp-json\/wp\/v2\/media?parent=374"}],"curies":[{"name":"wp","href":"https:\/\/api.w.org\/{rel}","templated":true}]}}