{"id":363,"date":"2018-03-13T13:02:29","date_gmt":"2018-03-13T11:02:29","guid":{"rendered":"https:\/\/www.aakkosto.fi\/en\/?page_id=363"},"modified":"2018-03-13T13:04:36","modified_gmt":"2018-03-13T11:04:36","slug":"polish-finnish-translations","status":"publish","type":"page","link":"https:\/\/www.aakkosto.fi\/en\/translation-services\/polish-finnish-translations\/","title":{"rendered":"Polish Translations"},"content":{"rendered":"<h1>\n\t\tPolish Translations into Finnish and English<br \/>\n\t<\/h1>\n<p>We offer translation services related to Polish in the following language pairs:<\/p>\n<ul>\n<li>Polish\u2013Finnish<\/li>\n<li>Finnish\u2013Polish<\/li>\n<li>Polish\u2013English<\/li>\n<li>English\u2013Polish<\/li>\n<\/ul>\n<p>Our Polish offer includes <a href=\"https:\/\/www.aakkosto.fi\/en\/translation-services\/\">basic translation, reviewed translation, and authorised translation<\/a>.<\/p>\n<p>\t\t\t\t\t\t<img decoding=\"async\" src=\"https:\/\/www.aakkosto.fi\/wp_aakkosto_2017\/wp-content\/uploads\/Aakkosto_logo_330x330_clean.jpg\" \/><\/p>\n<h3>\n\t\tOta yhteytt\u00e4<br \/>\n\t<\/h3>\n<p>K\u00e4\u00e4nn\u00f6stoimisto Aakkosto Oy<br \/>\nKavaljeerintie 10 A<br \/>\nFI-01520 VANTAA<br \/>\nVAT: FI 24416318<\/p>\n<p>Email: <a href=\"mailto:info@aakkosto.fi\">info@aakkosto.fi<\/a><\/p>\n<h3>\n\t\tSoita tai l\u00e4het\u00e4 viesti<br \/>\n\t<\/h3>\n<h3>\n\t\tSeuraa Aakkostoa<br \/>\n\t<\/h3>\n<p style=\"text-align: center;\">Copyright \u00a9 2006-2018 by <a href=\"http:\/\/www.aakkosto.fi\/\">Aakkosto Oy<\/a>. All Rights Reserved.<\/p>\n","protected":false},"excerpt":{"rendered":"<p>Polish Translations into Finnish and English We offer translation services related to Polish in the following language pairs: Polish\u2013Finnish Finnish\u2013Polish Polish\u2013English English\u2013Polish Our Polish offer includes basic translation, reviewed translation, and authorised translation. Ota yhteytt\u00e4 K\u00e4\u00e4nn\u00f6stoimisto Aakkosto Oy Kavaljeerintie 10 A FI-01520 VANTAA VAT: FI 24416318 Email: info@aakkosto.fi Soita tai l\u00e4het\u00e4 viesti Seuraa Aakkostoa Copyright&hellip;<\/p>\n","protected":false},"author":3,"featured_media":0,"parent":239,"menu_order":0,"comment_status":"closed","ping_status":"closed","template":"","meta":{"_seopress_robots_primary_cat":"","_seopress_titles_title":"Polish Translations into Finnish - Finnish Translation Agency Aakkosto Oy","_seopress_titles_desc":"","_seopress_robots_index":"","footnotes":""},"class_list":["post-363","page","type-page","status-publish","hentry"],"_links":{"self":[{"href":"https:\/\/www.aakkosto.fi\/en\/wp-json\/wp\/v2\/pages\/363","targetHints":{"allow":["GET"]}}],"collection":[{"href":"https:\/\/www.aakkosto.fi\/en\/wp-json\/wp\/v2\/pages"}],"about":[{"href":"https:\/\/www.aakkosto.fi\/en\/wp-json\/wp\/v2\/types\/page"}],"author":[{"embeddable":true,"href":"https:\/\/www.aakkosto.fi\/en\/wp-json\/wp\/v2\/users\/3"}],"replies":[{"embeddable":true,"href":"https:\/\/www.aakkosto.fi\/en\/wp-json\/wp\/v2\/comments?post=363"}],"version-history":[{"count":4,"href":"https:\/\/www.aakkosto.fi\/en\/wp-json\/wp\/v2\/pages\/363\/revisions"}],"predecessor-version":[{"id":367,"href":"https:\/\/www.aakkosto.fi\/en\/wp-json\/wp\/v2\/pages\/363\/revisions\/367"}],"up":[{"embeddable":true,"href":"https:\/\/www.aakkosto.fi\/en\/wp-json\/wp\/v2\/pages\/239"}],"wp:attachment":[{"href":"https:\/\/www.aakkosto.fi\/en\/wp-json\/wp\/v2\/media?parent=363"}],"curies":[{"name":"wp","href":"https:\/\/api.w.org\/{rel}","templated":true}]}}