{"id":341,"date":"2018-03-13T11:14:37","date_gmt":"2018-03-13T09:14:37","guid":{"rendered":"https:\/\/www.aakkosto.fi\/en\/?page_id=341"},"modified":"2018-03-13T12:11:49","modified_gmt":"2018-03-13T10:11:49","slug":"prices-and-terms","status":"publish","type":"page","link":"https:\/\/www.aakkosto.fi\/en\/prices-and-terms\/","title":{"rendered":"Prices and Terms"},"content":{"rendered":"<h1>\n\t\tPrices and Terms<br \/>\n\t<\/h1>\n<p>The price of a translation job depends on the language combination, the difficulty and the size of the text, as well as the required translation type (basic translation, reviewed translation, authorised translation).<\/p>\n<p>The price of a proofreading or editing job depends on the language and the volume of the text.<\/p>\n<p>Send us the source text by email and we will send you a quote without delay, cost or obligation.<\/p>\n<p>Work orders are handled according to the <a href=\"http:\/\/sktl.net\/pdf\/General_terms_of_contract.pdf\" target=\"_blank\">General Terms of Contract<\/a> by the Finnish Association of Translators and Interpreters.<\/p>\n<p>\t\t\t\t\t\t<img decoding=\"async\" src=\"https:\/\/www.aakkosto.fi\/wp_aakkosto_2017\/wp-content\/uploads\/Aakkosto_logo_330x330_clean.jpg\" \/><\/p>\n<h3>\n\t\tOta yhteytt\u00e4<br \/>\n\t<\/h3>\n<p>K\u00e4\u00e4nn\u00f6stoimisto Aakkosto Oy<br \/>\nKavaljeerintie 10 A<br \/>\nFI-01520 VANTAA<br \/>\nVAT: FI 24416318<\/p>\n<p>Email: <a href=\"mailto:info@aakkosto.fi\">info@aakkosto.fi<\/a><\/p>\n<h3>\n\t\tSoita tai l\u00e4het\u00e4 viesti<br \/>\n\t<\/h3>\n<h3>\n\t\tSeuraa Aakkostoa<br \/>\n\t<\/h3>\n<p style=\"text-align: center;\">Copyright \u00a9 2006-2018 by <a href=\"http:\/\/www.aakkosto.fi\/\">Aakkosto Oy<\/a>. All Rights Reserved.<\/p>\n","protected":false},"excerpt":{"rendered":"<p>Prices and Terms The price of a translation job depends on the language combination, the difficulty and the size of the text, as well as the required translation type (basic translation, reviewed translation, authorised translation). The price of a proofreading or editing job depends on the language and the volume of the text. Send us&hellip;<\/p>\n","protected":false},"author":3,"featured_media":0,"parent":0,"menu_order":0,"comment_status":"closed","ping_status":"closed","template":"","meta":{"_seopress_robots_primary_cat":"","_seopress_titles_title":"Translation Prices and Terms - Finnish Translation Agency Aakkosto Oy","_seopress_titles_desc":"Pricing... Work orders are handled according to the General Terms of Contract by the Finnish Association of Translators and Interpreters.","_seopress_robots_index":"","footnotes":""},"class_list":["post-341","page","type-page","status-publish","hentry"],"_links":{"self":[{"href":"https:\/\/www.aakkosto.fi\/en\/wp-json\/wp\/v2\/pages\/341","targetHints":{"allow":["GET"]}}],"collection":[{"href":"https:\/\/www.aakkosto.fi\/en\/wp-json\/wp\/v2\/pages"}],"about":[{"href":"https:\/\/www.aakkosto.fi\/en\/wp-json\/wp\/v2\/types\/page"}],"author":[{"embeddable":true,"href":"https:\/\/www.aakkosto.fi\/en\/wp-json\/wp\/v2\/users\/3"}],"replies":[{"embeddable":true,"href":"https:\/\/www.aakkosto.fi\/en\/wp-json\/wp\/v2\/comments?post=341"}],"version-history":[{"count":5,"href":"https:\/\/www.aakkosto.fi\/en\/wp-json\/wp\/v2\/pages\/341\/revisions"}],"predecessor-version":[{"id":347,"href":"https:\/\/www.aakkosto.fi\/en\/wp-json\/wp\/v2\/pages\/341\/revisions\/347"}],"wp:attachment":[{"href":"https:\/\/www.aakkosto.fi\/en\/wp-json\/wp\/v2\/media?parent=341"}],"curies":[{"name":"wp","href":"https:\/\/api.w.org\/{rel}","templated":true}]}}