{"id":333,"date":"2018-03-13T10:26:53","date_gmt":"2018-03-13T08:26:53","guid":{"rendered":"https:\/\/www.aakkosto.fi\/en\/?page_id=333"},"modified":"2018-03-13T13:22:08","modified_gmt":"2018-03-13T11:22:08","slug":"research-translations","status":"publish","type":"page","link":"https:\/\/www.aakkosto.fi\/en\/our-specialities\/research-translations\/","title":{"rendered":"Research Translations"},"content":{"rendered":"<h1>\n\t\tResearch Translations and Editing<br \/>\n\t<\/h1>\n<p>Aakkosto delivers many kinds of research translation for several different disciplines. We translate both academic and business research. Good examples of the former are, for example, abstracts, popular scientific articles, research reports, and translations of research material and questionnaires. Typical examples of the latter are market research reports, companies\u2019 internal satisfaction surveys, customer feedback and presentations. We always familiarise ourselves with the subject area of the translation, and we are meticulous with the translation\u2019s flawlessness and fluency. When necessary, we also consult experts in the field.<\/p>\n<p>We also offer <a href=\"https:\/\/www.aakkosto.fi\/en\/proofreading-and-editing\/\">proofreading and editing<\/a> for researchers, students and companies.<\/p>\n<p>\t\t\t\t\t\t<img decoding=\"async\" src=\"https:\/\/www.aakkosto.fi\/wp_aakkosto_2017\/wp-content\/uploads\/Aakkosto_logo_330x330_clean.jpg\" \/><\/p>\n<h3>\n\t\tOta yhteytt\u00e4<br \/>\n\t<\/h3>\n<p>K\u00e4\u00e4nn\u00f6stoimisto Aakkosto Oy<br \/>\nKavaljeerintie 10 A<br \/>\nFI-01520 VANTAA<br \/>\nVAT: FI 24416318<\/p>\n<p>Email: <a href=\"mailto:info@aakkosto.fi\">info@aakkosto.fi<\/a><\/p>\n<h3>\n\t\tSoita tai l\u00e4het\u00e4 viesti<br \/>\n\t<\/h3>\n<h3>\n\t\tSeuraa Aakkostoa<br \/>\n\t<\/h3>\n<p style=\"text-align: center;\">Copyright \u00a9 2006-2018 by <a href=\"http:\/\/www.aakkosto.fi\/\">Aakkosto Oy<\/a>. All Rights Reserved.<\/p>\n","protected":false},"excerpt":{"rendered":"<p>Research Translations and Editing Aakkosto delivers many kinds of research translation for several different disciplines. We translate both academic and business research. Good examples of the former are, for example, abstracts, popular scientific articles, research reports, and translations of research material and questionnaires. Typical examples of the latter are market research reports, companies\u2019 internal satisfaction&hellip;<\/p>\n","protected":false},"author":3,"featured_media":0,"parent":226,"menu_order":0,"comment_status":"closed","ping_status":"closed","template":"","meta":{"_seopress_robots_primary_cat":"","_seopress_titles_title":"Research Translations - Finnish Translation Agency Aakkosto Oy","_seopress_titles_desc":"Aakkosto delivers many kinds of research translation for several different disciplines. We translate both academic and business research. We also offer proofreading and editing for researchers, students and companies.","_seopress_robots_index":"","footnotes":""},"class_list":["post-333","page","type-page","status-publish","hentry"],"_links":{"self":[{"href":"https:\/\/www.aakkosto.fi\/en\/wp-json\/wp\/v2\/pages\/333","targetHints":{"allow":["GET"]}}],"collection":[{"href":"https:\/\/www.aakkosto.fi\/en\/wp-json\/wp\/v2\/pages"}],"about":[{"href":"https:\/\/www.aakkosto.fi\/en\/wp-json\/wp\/v2\/types\/page"}],"author":[{"embeddable":true,"href":"https:\/\/www.aakkosto.fi\/en\/wp-json\/wp\/v2\/users\/3"}],"replies":[{"embeddable":true,"href":"https:\/\/www.aakkosto.fi\/en\/wp-json\/wp\/v2\/comments?post=333"}],"version-history":[{"count":3,"href":"https:\/\/www.aakkosto.fi\/en\/wp-json\/wp\/v2\/pages\/333\/revisions"}],"predecessor-version":[{"id":385,"href":"https:\/\/www.aakkosto.fi\/en\/wp-json\/wp\/v2\/pages\/333\/revisions\/385"}],"up":[{"embeddable":true,"href":"https:\/\/www.aakkosto.fi\/en\/wp-json\/wp\/v2\/pages\/226"}],"wp:attachment":[{"href":"https:\/\/www.aakkosto.fi\/en\/wp-json\/wp\/v2\/media?parent=333"}],"curies":[{"name":"wp","href":"https:\/\/api.w.org\/{rel}","templated":true}]}}