{"id":318,"date":"2018-03-13T10:08:16","date_gmt":"2018-03-13T08:08:16","guid":{"rendered":"https:\/\/www.aakkosto.fi\/en\/?page_id=318"},"modified":"2018-03-13T10:11:50","modified_gmt":"2018-03-13T08:11:50","slug":"finnish-marketing-translations","status":"publish","type":"page","link":"https:\/\/www.aakkosto.fi\/en\/our-specialities\/finnish-marketing-translations\/","title":{"rendered":"Marketing Translations"},"content":{"rendered":"<h1>Do you want your marketing to sell?<\/h1>\n<p>Of course you do \u2013 that is the whole point of marketing communication.<\/p>\n<p>In order to succeed, your message needs to get through to its target audience. Aakkosto helps your company to deliver its message. When the message is translated into another language, the translator is left with the task of making the connection.\u00a0 In order to succeed with the task, the translator has to master not only the content of the text, but also the appropriate style and the culture of the target audience. Marketing communication has several minefields: sayings, hidden meanings, cultural references, local values&#8230; The list goes on and on.<\/p>\n<p>A professional translator knows how to avoid the minefields and produces fluent and attractive text. We at Aakkosto are professionals \u2013 you can trust your message in our hands!<\/p>\n<p><img decoding=\"async\" src=\"https:\/\/www.aakkosto.fi\/wp_aakkosto_2017\/wp-content\/uploads\/Aakkosto_logo_330x330_clean.jpg\" \/><\/p>\n<h3>Ota yhteytt\u00e4<\/h3>\n<p>K\u00e4\u00e4nn\u00f6stoimisto Aakkosto Oy<br \/>\nKavaljeerintie 10 A<br \/>\nFI-01520 VANTAA<br \/>\nVAT: FI 24416318<\/p>\n<p>Email: <a href=\"mailto:info@aakkosto.fi\">info@aakkosto.fi<\/a><\/p>\n<h3>Soita tai l\u00e4het\u00e4 viesti<\/h3>\n<h3>Seuraa Aakkostoa<\/h3>\n<p style=\"text-align: center;\">Copyright \u00a9 2006-2018 by <a href=\"http:\/\/www.aakkosto.fi\/\">Aakkosto Oy<\/a>. All Rights Reserved.<\/p>\n","protected":false},"excerpt":{"rendered":"<p>Do you want your marketing to sell? Of course you do \u2013 that is the whole point of marketing communication. In order to succeed, your message needs to get through to its target audience. Aakkosto helps your company to deliver its message. When the message is translated into another language, the translator is left with&hellip;<\/p>\n","protected":false},"author":3,"featured_media":0,"parent":226,"menu_order":0,"comment_status":"closed","ping_status":"closed","template":"","meta":{"_seopress_robots_primary_cat":"","_seopress_titles_title":"Marketing Translations - Finnish Translation Agency Aakkosto Oy","_seopress_titles_desc":"Do you want your marketing to sell in Finland? Of course you do \u2013 that is the whole point of marketing communication. Aakkosto helps your company to deliver its message to Finnish audience. We are professionals in this \u2013 you can trust your message in our hands!","_seopress_robots_index":"","footnotes":""},"class_list":["post-318","page","type-page","status-publish","hentry"],"_links":{"self":[{"href":"https:\/\/www.aakkosto.fi\/en\/wp-json\/wp\/v2\/pages\/318","targetHints":{"allow":["GET"]}}],"collection":[{"href":"https:\/\/www.aakkosto.fi\/en\/wp-json\/wp\/v2\/pages"}],"about":[{"href":"https:\/\/www.aakkosto.fi\/en\/wp-json\/wp\/v2\/types\/page"}],"author":[{"embeddable":true,"href":"https:\/\/www.aakkosto.fi\/en\/wp-json\/wp\/v2\/users\/3"}],"replies":[{"embeddable":true,"href":"https:\/\/www.aakkosto.fi\/en\/wp-json\/wp\/v2\/comments?post=318"}],"version-history":[{"count":4,"href":"https:\/\/www.aakkosto.fi\/en\/wp-json\/wp\/v2\/pages\/318\/revisions"}],"predecessor-version":[{"id":323,"href":"https:\/\/www.aakkosto.fi\/en\/wp-json\/wp\/v2\/pages\/318\/revisions\/323"}],"up":[{"embeddable":true,"href":"https:\/\/www.aakkosto.fi\/en\/wp-json\/wp\/v2\/pages\/226"}],"wp:attachment":[{"href":"https:\/\/www.aakkosto.fi\/en\/wp-json\/wp\/v2\/media?parent=318"}],"curies":[{"name":"wp","href":"https:\/\/api.w.org\/{rel}","templated":true}]}}