{"id":314,"date":"2018-03-13T10:04:47","date_gmt":"2018-03-13T08:04:47","guid":{"rendered":"https:\/\/www.aakkosto.fi\/en\/?page_id=314"},"modified":"2019-11-18T10:17:02","modified_gmt":"2019-11-18T08:17:02","slug":"finnish-business-translations","status":"publish","type":"page","link":"https:\/\/www.aakkosto.fi\/en\/our-specialities\/finnish-business-translations\/","title":{"rendered":"Business Translations"},"content":{"rendered":"<h1>\n\t\tGeneral Business Translations\n\t<\/h1>\n\t<p>Naturally, we offer translations for all kinds of traditional business texts, such as press releases, financial statements, and annual and interim reports. In addition to our top expertise, financial administration, we also have solid knowledge in the domain of human resources.<\/p>\n<p>Business administration and business strategies are not just work: they\u2019re our passion.<\/p>\n<p>If you are in need of Finnish business translations, you have come to the right place!<\/p>\n\t\t\t\t\t\t<img decoding=\"async\" src=\"https:\/\/www.aakkosto.fi\/wp_aakkosto_2017\/wp-content\/uploads\/Aakkosto_logo_330x330_clean.jpg\" alt=\"Aakkosto_logo_330x330_clean\" \/>\n<h3>\n\t\tGet in touch\n\t<\/h3>\n\tK\u00e4\u00e4nn\u00f6stoimisto Aakkosto Oy<br \/>\nKavaljeerintie 10 A<br \/>\nFI-01520 VANTAA<br \/>\nVAT: FI 24416318\n<p>Email: info@aakkosto.fi<\/p>\n<h3>\n\t\tCall or send a message\n\t<\/h3>\n<h3>\n\t\tFollow Aakkosto\n\t<\/h3>\n","protected":false},"excerpt":{"rendered":"<p>General Business Translations Naturally, we offer translations for all kinds of traditional business texts, such as press releases, financial statements, and annual and interim reports. In addition to our top expertise, financial administration, we also have solid knowledge in the domain of human resources. Business administration and business strategies are not just work: they\u2019re our&hellip;<\/p>\n","protected":false},"author":3,"featured_media":0,"parent":226,"menu_order":0,"comment_status":"closed","ping_status":"closed","template":"","meta":{"_seopress_robots_primary_cat":"","_seopress_titles_title":"Finnish Business Translations - Finnish Translation Agency Aakkosto Oy","_seopress_titles_desc":"Business administration and business strategies are not just work: they\u2019re our passion. If you are in need of Finnish business translations, you have come to the right place!","_seopress_robots_index":"","footnotes":""},"class_list":["post-314","page","type-page","status-publish","hentry"],"_links":{"self":[{"href":"https:\/\/www.aakkosto.fi\/en\/wp-json\/wp\/v2\/pages\/314","targetHints":{"allow":["GET"]}}],"collection":[{"href":"https:\/\/www.aakkosto.fi\/en\/wp-json\/wp\/v2\/pages"}],"about":[{"href":"https:\/\/www.aakkosto.fi\/en\/wp-json\/wp\/v2\/types\/page"}],"author":[{"embeddable":true,"href":"https:\/\/www.aakkosto.fi\/en\/wp-json\/wp\/v2\/users\/3"}],"replies":[{"embeddable":true,"href":"https:\/\/www.aakkosto.fi\/en\/wp-json\/wp\/v2\/comments?post=314"}],"version-history":[{"count":4,"href":"https:\/\/www.aakkosto.fi\/en\/wp-json\/wp\/v2\/pages\/314\/revisions"}],"predecessor-version":[{"id":530,"href":"https:\/\/www.aakkosto.fi\/en\/wp-json\/wp\/v2\/pages\/314\/revisions\/530"}],"up":[{"embeddable":true,"href":"https:\/\/www.aakkosto.fi\/en\/wp-json\/wp\/v2\/pages\/226"}],"wp:attachment":[{"href":"https:\/\/www.aakkosto.fi\/en\/wp-json\/wp\/v2\/media?parent=314"}],"curies":[{"name":"wp","href":"https:\/\/api.w.org\/{rel}","templated":true}]}}