{"id":287,"date":"2018-03-12T16:31:10","date_gmt":"2018-03-12T14:31:10","guid":{"rendered":"https:\/\/www.aakkosto.fi\/en\/?page_id=287"},"modified":"2021-12-14T13:38:27","modified_gmt":"2021-12-14T11:38:27","slug":"our-clients","status":"publish","type":"page","link":"https:\/\/www.aakkosto.fi\/en\/our-clients\/","title":{"rendered":"Our Clients"},"content":{"rendered":"\n<h1>\n\t\tOur Clients\n\t<\/h1>\n\t<p>We service both small and large clients.<\/p>\n<p>Our satisfied end clients using translation and editing services include:<\/p>\n\t<h3>Companies<\/h3>\nRolls-Royce Group plc<br \/>\nMicrosoft Corporation<br \/>\nNordea Bank Ab (publ)<br \/>\nNordea Funds Ltd<br \/>\nSAP AG<br \/>\nNikon Corporation<br \/>\nCanon Oy<br \/>\nAgfa Graphics NV<br \/>\nKyocera Corporation<br \/>\nCCL Label<br \/>\nDeutsche Bank AG<br \/>\nInvesco Ltd<br \/>\nInvestec Ltd<br \/>\nFidelity Investments<br \/>\nLombard International Assurance S.A.<br \/>\nKiitokori Oy<br \/>\nIKEA Oy<br \/>\nProfit Software Ltd<br \/>\nYara International ASA<br \/>\nKemira Oyj<br \/>\nPromenade Research Oy<br \/>\nPringles S.a.r.l.<br \/>\nHCL Technologies<br \/>\nSSI Sch\u00e4fer Finland<br \/>\nEpicor Software Corporation<br \/>\nFormica Group<br \/>\nLinnanen Oy<br \/>\nLely Industries N.V.<br \/>\nTikkurilan Hautaustoimisto Oy<br \/>\nAsianajotoimisto Kari Silvennoinen Ky<br \/>\nImage Match Oy<br \/>\nHewlett-Packard Company<br \/>\nNeuberger Berman Group LLC<br \/>\nTomTom International B.V.<br \/>\nLassila Hirvilammi Arkkitehdit Oy\n\t<h3>Public sector, research, NGOs<\/h3>\nEuropean Parliament<br \/>\nEuropean Commission\nAalto University<br \/>\nLappeenranta University of Technology<br \/>\nSouth-Eastern Finland University of Applied Sciences XAMK<br \/>\nTampere University of Technology<br \/>\nUniversity of Helsinki<br \/>\nUniversity of Lapland<br \/>\nUniversity of Oulu<br \/>\nUniversity of\u00a0 Tampere<br \/>\nUniversity of Turku\nFinnish Food and Drink Industries&#8217; Federation<br \/>\nMTT Agrifood Research Finland<br \/>\nNatural Resources Institute Finland LUKE<br \/>\nVTT Technical Research Centre of Finland Ltd<br \/>\nCity of Hamina\nFinnish Paralympic Committee<br \/>\nCancer Foundation Finland<br \/>\nThe Association for Parents of Visually Impaired Children<br \/>\nFinnish Youth Cooperation &#8211; Allianssi ry\n\t\t\t\t\t\t<img decoding=\"async\" src=\"https:\/\/www.aakkosto.fi\/wp_aakkosto_2017\/wp-content\/uploads\/Aakkosto_logo_330x330_clean.jpg\" alt=\"Aakkosto_logo_330x330_clean\" \/>\n<h3>\n\t\tGet in touch\n\t<\/h3>\n\tK\u00e4\u00e4nn\u00f6stoimisto Aakkosto Oy<br \/>\nKavaljeerintie 10 A<br \/>\nFI-01520 VANTAA<br \/>\nVAT: FI 24416318\n<p>Email: info@aakkosto.fi<\/p>\n<h3>\n\t\tCall or send a message\n\t<\/h3>\n<h3>\n\t\tFollow Aakkosto\n\t<\/h3>\n\n","protected":false},"excerpt":{"rendered":"<p>Our Clients We service both small and large clients. Our satisfied end clients using translation and editing services include: Companies Rolls-Royce Group plc Microsoft Corporation Nordea Bank Ab (publ) Nordea Funds Ltd SAP AG Nikon Corporation Canon Oy Agfa Graphics NV Kyocera Corporation CCL Label Deutsche Bank AG Invesco Ltd Investec Ltd Fidelity Investments Lombard&hellip;<\/p>\n","protected":false},"author":3,"featured_media":0,"parent":0,"menu_order":0,"comment_status":"closed","ping_status":"closed","template":"","meta":{"_seopress_robots_primary_cat":"","_seopress_titles_title":"","_seopress_titles_desc":"","_seopress_robots_index":"","footnotes":""},"class_list":["post-287","page","type-page","status-publish","hentry"],"_links":{"self":[{"href":"https:\/\/www.aakkosto.fi\/en\/wp-json\/wp\/v2\/pages\/287","targetHints":{"allow":["GET"]}}],"collection":[{"href":"https:\/\/www.aakkosto.fi\/en\/wp-json\/wp\/v2\/pages"}],"about":[{"href":"https:\/\/www.aakkosto.fi\/en\/wp-json\/wp\/v2\/types\/page"}],"author":[{"embeddable":true,"href":"https:\/\/www.aakkosto.fi\/en\/wp-json\/wp\/v2\/users\/3"}],"replies":[{"embeddable":true,"href":"https:\/\/www.aakkosto.fi\/en\/wp-json\/wp\/v2\/comments?post=287"}],"version-history":[{"count":5,"href":"https:\/\/www.aakkosto.fi\/en\/wp-json\/wp\/v2\/pages\/287\/revisions"}],"predecessor-version":[{"id":686,"href":"https:\/\/www.aakkosto.fi\/en\/wp-json\/wp\/v2\/pages\/287\/revisions\/686"}],"wp:attachment":[{"href":"https:\/\/www.aakkosto.fi\/en\/wp-json\/wp\/v2\/media?parent=287"}],"curies":[{"name":"wp","href":"https:\/\/api.w.org\/{rel}","templated":true}]}}