{"id":280,"date":"2018-03-12T16:07:43","date_gmt":"2018-03-12T14:07:43","guid":{"rendered":"https:\/\/www.aakkosto.fi\/en\/?page_id=280"},"modified":"2018-03-30T18:57:46","modified_gmt":"2018-03-30T16:57:46","slug":"useful-links","status":"publish","type":"page","link":"https:\/\/www.aakkosto.fi\/en\/useful-links\/","title":{"rendered":"Useful Links"},"content":{"rendered":"<h1>Useful links<\/h1>\n<h3>Term Banks and Glossaries<\/h3>\n<ul>\n<li><a href=\"http:\/\/iate.europa.eu\/iatediff\/\" target=\"_blank\" rel=\"noopener\">IATE &#8211; The multilingual term base of European Union<\/a><\/li>\n<li><a href=\"http:\/\/www.tsk.fi\/tepa\/en\/\" target=\"_blank\" rel=\"noopener\">TEPA &#8211; Finnish Terminology Centre TSK&#8217;s term bank<\/a><\/li>\n<li><a href=\"https:\/\/www.economist.com\/economics-a-to-z\" target=\"_blank\" rel=\"noopener\">The Economist&#8217;s economics glossary<\/a><\/li>\n<\/ul>\n<h3>Translation Associations<\/h3>\n<ul>\n<li><a href=\"http:\/\/kielipalveluyritykset.fi\/?lang=en\" target=\"_blank\" rel=\"noopener\">Finnish Language Service Providers SKY<\/a><\/li>\n<li><a href=\"http:\/\/www.lcf.fi\/\" target=\"_blank\" rel=\"noopener\">Finnish Association for Multilingual Communication and Content Management KITES ry<\/a><\/li>\n<li><a href=\"https:\/\/www.sktl.fi\/\" target=\"_blank\" rel=\"noopener\">The Finnish Association of Translators and Interpreters SKTL<\/a><\/li>\n<li><a href=\"http:\/\/www.kaj.fi\/en\" target=\"_blank\" rel=\"noopener\">Translation Industry Professionals KAJ<\/a><\/li>\n<\/ul>\n<h3>Other links<\/h3>\n<ul>\n<li>POI: <a href=\"http:\/\/www.gps-data-team.com\/where\/Aakkosto_Oy\" target=\"_blank\" rel=\"noopener\">Aakkosto Oy<\/a><\/li>\n<li>The Finnish Translation Industry Professionals&#8217; (KAJ) article on <a href=\"http:\/\/www.kaj.fi\/en\/translation_and_interpretation_industry\/authorised_translator\">Authorised Translators<\/a><\/li>\n<li>KAJ: Regulations and Grounds for the <a href=\"http:\/\/www.kaj.fi\/en\/translation_and_interpretation_industry\/authorised_translator\/regulations_and_grounds_for_the_degree\">Authorised Translator Degree<\/a><\/li>\n<li><a href=\"https:\/\/www.sdl.com\/\" target=\"_blank\" rel=\"noopener\">SDL website<\/a><\/li>\n<li>The <a href=\"http:\/\/helsinki.trade.gov.pl\">Polish embassy in Finland<\/a> (partly in Finnish)<\/li>\n<li>The discussion group <a href=\"http:\/\/www.linkedin.com\/groups\/Finland-Poland-Business-4893506\">Finland Poland Business<\/a> at LinkedIn for those interested in Finnish-Polish business<\/li>\n<li>Wikipedia on <a href=\"http:\/\/en.wikipedia.org\/wiki\/Polish_language\">Polish language<\/a><\/li>\n<\/ul>\n<p><img decoding=\"async\" src=\"https:\/\/www.aakkosto.fi\/wp_aakkosto_2017\/wp-content\/uploads\/Aakkosto_logo_330x330_clean.jpg\" \/><\/p>\n<h3>Ota yhteytt\u00e4<\/h3>\n<p>K\u00e4\u00e4nn\u00f6stoimisto Aakkosto Oy<br \/>\nKavaljeerintie 10 A<br \/>\nFI-01520 VANTAA<br \/>\nVAT: FI 24416318<\/p>\n<p>Email: <a href=\"mailto:info@aakkosto.fi\">info@aakkosto.fi<\/a><\/p>\n<h3>Soita tai l\u00e4het\u00e4 viesti<\/h3>\n<h3>Seuraa Aakkostoa<\/h3>\n<p style=\"text-align: center;\">Copyright \u00a9 2006-2018 by <a href=\"http:\/\/www.aakkosto.fi\/\">Aakkosto Oy<\/a>. All Rights Reserved.<\/p>\n","protected":false},"excerpt":{"rendered":"<p>Useful links Term Banks and Glossaries IATE &#8211; The multilingual term base of European Union TEPA &#8211; Finnish Terminology Centre TSK&#8217;s term bank The Economist&#8217;s economics glossary Translation Associations Finnish Language Service Providers SKY Finnish Association for Multilingual Communication and Content Management KITES ry The Finnish Association of Translators and Interpreters SKTL Translation Industry Professionals&hellip;<\/p>\n","protected":false},"author":3,"featured_media":0,"parent":0,"menu_order":0,"comment_status":"closed","ping_status":"closed","template":"","meta":{"_seopress_robots_primary_cat":"","_seopress_titles_title":"","_seopress_titles_desc":"Useful links: Finnish Language Service Providers SKY, Finnish Association for Multilingual Communication and Content Management, The Finnish Association of Translators and Interpreters SKTL, Translation Industry Professionals KAJ, IATE - The multilingual term base, TEPA - Finnish Terminology Centre TSK's termbank","_seopress_robots_index":"","footnotes":""},"class_list":["post-280","page","type-page","status-publish","hentry"],"_links":{"self":[{"href":"https:\/\/www.aakkosto.fi\/en\/wp-json\/wp\/v2\/pages\/280","targetHints":{"allow":["GET"]}}],"collection":[{"href":"https:\/\/www.aakkosto.fi\/en\/wp-json\/wp\/v2\/pages"}],"about":[{"href":"https:\/\/www.aakkosto.fi\/en\/wp-json\/wp\/v2\/types\/page"}],"author":[{"embeddable":true,"href":"https:\/\/www.aakkosto.fi\/en\/wp-json\/wp\/v2\/users\/3"}],"replies":[{"embeddable":true,"href":"https:\/\/www.aakkosto.fi\/en\/wp-json\/wp\/v2\/comments?post=280"}],"version-history":[{"count":5,"href":"https:\/\/www.aakkosto.fi\/en\/wp-json\/wp\/v2\/pages\/280\/revisions"}],"predecessor-version":[{"id":480,"href":"https:\/\/www.aakkosto.fi\/en\/wp-json\/wp\/v2\/pages\/280\/revisions\/480"}],"wp:attachment":[{"href":"https:\/\/www.aakkosto.fi\/en\/wp-json\/wp\/v2\/media?parent=280"}],"curies":[{"name":"wp","href":"https:\/\/api.w.org\/{rel}","templated":true}]}}