{"id":270,"date":"2018-03-12T15:44:23","date_gmt":"2018-03-12T13:44:23","guid":{"rendered":"https:\/\/www.aakkosto.fi\/en\/?page_id=270"},"modified":"2019-11-18T10:18:38","modified_gmt":"2019-11-18T08:18:38","slug":"financial-translations","status":"publish","type":"page","link":"https:\/\/www.aakkosto.fi\/en\/our-specialities\/financial-translations\/","title":{"rendered":"Financial Translations"},"content":{"rendered":"<h1>\n\t\tFinancial translations\n\t<\/h1>\n\t<p>Investment and financial translations are Aakkosto\u2019s primary field of expertise.<\/p>\n<p>We have several years\u2019 experience of translating different financial materials, such as investment insurance policies, fund prospectuses, marketing brochures, Key Investor Information Documents (KIIDs and PRIIPs KIDs), and monthly\/quarterly fund reviews, as well as different analyses and outlooks.<\/p>\n<p>We understand the general function of stock, bond and money markets, as well as the nature of derivative and OTC trade.<\/p>\n<p>Current trends (e.g. securitisation and structured investment instruments) are part of our day-to-day business. We are also at your service when you need translations for legal matters (e.g. MiFID II, MiFIR), demanding corporate restructurings, mergers and acquisitions and due diligence processes.<\/p>\n<p>If you need financial translations undertaken by professionals who understand what they are translating, contact us!<\/p>\n\t\t\t\t\t\t<img decoding=\"async\" src=\"https:\/\/www.aakkosto.fi\/wp_aakkosto_2017\/wp-content\/uploads\/Aakkosto_logo_330x330_clean.jpg\" \/>\n<h3>\n\t\tOta yhteytt\u00e4\n\t<\/h3>\n\tK\u00e4\u00e4nn\u00f6stoimisto Aakkosto Oy<br \/>\nKavaljeerintie 10 A<br \/>\nFI-01520 VANTAA<br \/>\nVAT: FI 24416318\n<p>Email: <a href=\"mailto:info@aakkosto.fi\">info@aakkosto.fi<\/a><\/p>\n<h3>\n\t\tSoita tai l\u00e4het\u00e4 viesti\n\t<\/h3>\n<h3>\n\t\tSeuraa Aakkostoa\n\t<\/h3>\n\tCopyright \u00a9 2006-2018 by <a href=\"http:\/\/www.aakkosto.fi\/\">Aakkosto Oy<\/a>. All Rights Reserved.\n","protected":false},"excerpt":{"rendered":"<p>Financial translations Investment and financial translations are Aakkosto\u2019s primary field of expertise. We have several years\u2019 experience of translating different financial materials, such as investment insurance policies, fund prospectuses, marketing brochures, Key Investor Information Documents (KIIDs and PRIIPs KIDs), and monthly\/quarterly fund reviews, as well as different analyses and outlooks. We understand the general function&hellip;<\/p>\n","protected":false},"author":3,"featured_media":0,"parent":226,"menu_order":0,"comment_status":"closed","ping_status":"closed","template":"","meta":{"_seopress_robots_primary_cat":"","_seopress_titles_title":"Finnish Financial Translations - Finnish Translation Agency Aakkosto Oy","_seopress_titles_desc":"Investment and financial translations are Aakkosto\u2019s primary field of expertise. If you need Finnish financial translations undertaken by professionals who really understand what they are translating, contact us!","_seopress_robots_index":"","footnotes":""},"class_list":["post-270","page","type-page","status-publish","hentry"],"_links":{"self":[{"href":"https:\/\/www.aakkosto.fi\/en\/wp-json\/wp\/v2\/pages\/270","targetHints":{"allow":["GET"]}}],"collection":[{"href":"https:\/\/www.aakkosto.fi\/en\/wp-json\/wp\/v2\/pages"}],"about":[{"href":"https:\/\/www.aakkosto.fi\/en\/wp-json\/wp\/v2\/types\/page"}],"author":[{"embeddable":true,"href":"https:\/\/www.aakkosto.fi\/en\/wp-json\/wp\/v2\/users\/3"}],"replies":[{"embeddable":true,"href":"https:\/\/www.aakkosto.fi\/en\/wp-json\/wp\/v2\/comments?post=270"}],"version-history":[{"count":5,"href":"https:\/\/www.aakkosto.fi\/en\/wp-json\/wp\/v2\/pages\/270\/revisions"}],"predecessor-version":[{"id":531,"href":"https:\/\/www.aakkosto.fi\/en\/wp-json\/wp\/v2\/pages\/270\/revisions\/531"}],"up":[{"embeddable":true,"href":"https:\/\/www.aakkosto.fi\/en\/wp-json\/wp\/v2\/pages\/226"}],"wp:attachment":[{"href":"https:\/\/www.aakkosto.fi\/en\/wp-json\/wp\/v2\/media?parent=270"}],"curies":[{"name":"wp","href":"https:\/\/api.w.org\/{rel}","templated":true}]}}