{"id":261,"date":"2016-08-01T08:31:46","date_gmt":"2016-08-01T08:31:46","guid":{"rendered":"https:\/\/www.aakkosto.fi\/en\/tyopaikat\/"},"modified":"2018-03-13T10:05:47","modified_gmt":"2018-03-13T08:05:47","slug":"jobs","status":"publish","type":"page","link":"https:\/\/www.aakkosto.fi\/en\/jobs\/","title":{"rendered":"Open Positions"},"content":{"rendered":"<h1>Open positions<\/h1>\n<p>At the moment, we are not seeking experts without knowledge of the Finnish language.<\/p>\n<p>Consequently, all open positions are announced only on the Finnish recruitment page.<\/p>\n<p>&nbsp;<\/p>\n<p><img decoding=\"async\" src=\"https:\/\/www.aakkosto.fi\/wp_aakkosto_2017\/wp-content\/uploads\/Aakkosto_logo_330x330_clean.jpg\" \/><\/p>\n<h3>Ota yhteytt\u00e4<\/h3>\n<p>K\u00e4\u00e4nn\u00f6stoimisto Aakkosto Oy<br \/>\nKavaljeerintie 10 A<br \/>\nFI-01520 VANTAA<br \/>\nVAT: FI 24416318<\/p>\n<p>Email: <a href=\"mailto:info@aakkosto.fi\">info@aakkosto.fi<\/a><\/p>\n<h3>Soita tai l\u00e4het\u00e4 viesti<\/h3>\n<h3>Seuraa Aakkostoa<\/h3>\n<p style=\"text-align: center;\">Copyright \u00a9 2006-2018 by <a href=\"http:\/\/www.aakkosto.fi\/\">Aakkosto Oy<\/a>. All Rights Reserved.<\/p>\n","protected":false},"excerpt":{"rendered":"<p>Open positions At the moment, we are not seeking experts without knowledge of the Finnish language. Consequently, all open positions are announced only on the Finnish recruitment page. &nbsp; Ota yhteytt\u00e4 K\u00e4\u00e4nn\u00f6stoimisto Aakkosto Oy Kavaljeerintie 10 A FI-01520 VANTAA VAT: FI 24416318 Email: info@aakkosto.fi Soita tai l\u00e4het\u00e4 viesti Seuraa Aakkostoa Copyright \u00a9 2006-2018 by Aakkosto&hellip;<\/p>\n","protected":false},"author":1,"featured_media":0,"parent":0,"menu_order":0,"comment_status":"closed","ping_status":"closed","template":"","meta":{"_seopress_robots_primary_cat":"","_seopress_titles_title":"","_seopress_titles_desc":"","_seopress_robots_index":"","footnotes":""},"class_list":["post-261","page","type-page","status-publish","hentry"],"_links":{"self":[{"href":"https:\/\/www.aakkosto.fi\/en\/wp-json\/wp\/v2\/pages\/261","targetHints":{"allow":["GET"]}}],"collection":[{"href":"https:\/\/www.aakkosto.fi\/en\/wp-json\/wp\/v2\/pages"}],"about":[{"href":"https:\/\/www.aakkosto.fi\/en\/wp-json\/wp\/v2\/types\/page"}],"author":[{"embeddable":true,"href":"https:\/\/www.aakkosto.fi\/en\/wp-json\/wp\/v2\/users\/1"}],"replies":[{"embeddable":true,"href":"https:\/\/www.aakkosto.fi\/en\/wp-json\/wp\/v2\/comments?post=261"}],"version-history":[{"count":4,"href":"https:\/\/www.aakkosto.fi\/en\/wp-json\/wp\/v2\/pages\/261\/revisions"}],"predecessor-version":[{"id":317,"href":"https:\/\/www.aakkosto.fi\/en\/wp-json\/wp\/v2\/pages\/261\/revisions\/317"}],"wp:attachment":[{"href":"https:\/\/www.aakkosto.fi\/en\/wp-json\/wp\/v2\/media?parent=261"}],"curies":[{"name":"wp","href":"https:\/\/api.w.org\/{rel}","templated":true}]}}