{"id":254,"date":"2018-03-12T15:20:24","date_gmt":"2018-03-12T13:20:24","guid":{"rendered":"https:\/\/www.aakkosto.fi\/en\/?page_id=254"},"modified":"2018-03-12T15:20:24","modified_gmt":"2018-03-12T13:20:24","slug":"proofreading-and-editing","status":"publish","type":"page","link":"https:\/\/www.aakkosto.fi\/en\/proofreading-and-editing\/","title":{"rendered":"Proofreading and Editing"},"content":{"rendered":"<h1>\n\t\tProofreading and Editing<br \/>\n\t<\/h1>\n<h3>Aakkosto is Finland&#8217;s leading provider of linguistic editing services.<\/h3>\n<p>We offer proofreading and editing for companies and academic researchers.<\/p>\n<p>We are specialised in academic editing. Our customers include many higher-education institutions, such as:<\/p>\n<ul>\n<li>Aalto University<\/li>\n<li>University of Helsinki<\/li>\n<li>University of Turku<\/li>\n<li>University of Oulu<\/li>\n<li>Finnish National Defence University<\/li>\n<\/ul>\n<p>as well as several research institutes, like:<\/p>\n<ul>\n<li>VTT Technical Research Centre of Finland<\/li>\n<li>MTT Agrifood Research Finland.<\/li>\n<\/ul>\n<p>Our proofreading and editing services are also utilised by many internationally-orientated Finnish companies and various associations.<\/p>\n<p>\t\t\t\t\t\t<img decoding=\"async\" src=\"https:\/\/www.aakkosto.fi\/wp_aakkosto_2017\/wp-content\/uploads\/Aakkosto_logo_330x330_clean.jpg\" \/><\/p>\n<h2>Comments from our clients<\/h2>\n<h3>Anna-Maria Salmi<\/h3>\n<h4>Head of Development, Dr.Pol.Sc, University of Helsinki, Aleksanteri Institute<\/h4>\n<p><em>&#8220;In the international world of science, flawless English is crucial. Aakkostos&#8217;s proofreading and editing services have an excellent price-quality ratio and quick delivery. I can warmly recommend Aakkosto to all researchers and writers who write in English but who are not native English speakers.&#8221; <\/em><\/p>\n<h3>Erkki R\u00e4s\u00e4nen<\/h3>\n<h4>Senior Manager, R&#038;D and Technology, Kemira<\/h4>\n<p><em>&#8220;We gladly let Aakkosto proofread our research in English, as we appreciate their excellent language proficiency and quick delivery.&#8221;<\/em><\/p>\n<p>\t\t\t\t\t\t<img decoding=\"async\" src=\"https:\/\/www.aakkosto.fi\/wp_aakkosto_2017\/wp-content\/uploads\/Aakkosto_logo_330x330_clean.jpg\" \/><\/p>\n<h3>\n\t\tOta yhteytt\u00e4<br \/>\n\t<\/h3>\n<p>K\u00e4\u00e4nn\u00f6stoimisto Aakkosto Oy<br \/>\nKavaljeerintie 10 A<br \/>\nFI-01520 VANTAA<br \/>\nVAT: FI 24416318<\/p>\n<p>Email: <a href=\"mailto:info@aakkosto.fi\">info@aakkosto.fi<\/a><\/p>\n<h3>\n\t\tSoita tai l\u00e4het\u00e4 viesti<br \/>\n\t<\/h3>\n<h3>\n\t\tSeuraa Aakkostoa<br \/>\n\t<\/h3>\n<p style=\"text-align: center;\">Copyright \u00a9 2006-2018 by <a href=\"http:\/\/www.aakkosto.fi\/\">Aakkosto Oy<\/a>. All Rights Reserved.<\/p>\n","protected":false},"excerpt":{"rendered":"<p>Proofreading and Editing Aakkosto is Finland&#8217;s leading provider of linguistic editing services. We offer proofreading and editing for companies and academic researchers. We are specialised in academic editing. Our customers include many higher-education institutions, such as: Aalto University University of Helsinki University of Turku University of Oulu Finnish National Defence University as well as several&hellip;<\/p>\n","protected":false},"author":3,"featured_media":0,"parent":0,"menu_order":0,"comment_status":"closed","ping_status":"closed","template":"","meta":{"_seopress_robots_primary_cat":"","_seopress_titles_title":"","_seopress_titles_desc":"","_seopress_robots_index":"","footnotes":""},"class_list":["post-254","page","type-page","status-publish","hentry"],"_links":{"self":[{"href":"https:\/\/www.aakkosto.fi\/en\/wp-json\/wp\/v2\/pages\/254","targetHints":{"allow":["GET"]}}],"collection":[{"href":"https:\/\/www.aakkosto.fi\/en\/wp-json\/wp\/v2\/pages"}],"about":[{"href":"https:\/\/www.aakkosto.fi\/en\/wp-json\/wp\/v2\/types\/page"}],"author":[{"embeddable":true,"href":"https:\/\/www.aakkosto.fi\/en\/wp-json\/wp\/v2\/users\/3"}],"replies":[{"embeddable":true,"href":"https:\/\/www.aakkosto.fi\/en\/wp-json\/wp\/v2\/comments?post=254"}],"version-history":[{"count":3,"href":"https:\/\/www.aakkosto.fi\/en\/wp-json\/wp\/v2\/pages\/254\/revisions"}],"predecessor-version":[{"id":258,"href":"https:\/\/www.aakkosto.fi\/en\/wp-json\/wp\/v2\/pages\/254\/revisions\/258"}],"wp:attachment":[{"href":"https:\/\/www.aakkosto.fi\/en\/wp-json\/wp\/v2\/media?parent=254"}],"curies":[{"name":"wp","href":"https:\/\/api.w.org\/{rel}","templated":true}]}}