{"id":239,"date":"2018-03-12T09:29:50","date_gmt":"2018-03-12T07:29:50","guid":{"rendered":"https:\/\/www.aakkosto.fi\/en\/?page_id=239"},"modified":"2023-11-29T12:01:27","modified_gmt":"2023-11-29T10:01:27","slug":"translation-services","status":"publish","type":"page","link":"https:\/\/www.aakkosto.fi\/en\/translation-services\/","title":{"rendered":"Translation Services"},"content":{"rendered":"\n<h1>\n\t\tTranslation Services\n\t<\/h1>\n\t<h2>Basic translation<\/h2>\n<p>Our translations are meticulously performed by a professional translator and proofread by the same person. A basic translation is suitable for documents such as internal company communication.<\/p>\n<p>We offer basic translations between Finnish, <a href=\"http:\/\/www.aakkosto.fi\/en\/english-translations\">English<\/a>, and <a href=\"http:\/\/www.aakkosto.fi\/en\/polish-translations\">Polish<\/a>.<\/p>\n<h2>Reviewed translation<\/h2>\n<p>A reviewed translation is a basic translation that is proofread and reviewed by another translator. This process minimises the number of linguistic and factual errors in the translation. A reviewed translation is recommended when you need excellent quality; for example, when the text is going to be published.<\/p>\n<p>We offer reviewed translations for the same languages as we do basic translations.<\/p>\n<h2>Authorised translation<\/h2>\n<p>An authorised translation is a legally valid translation that is made and affirmed by an authorised translator. Typical examples of authorised translations include bank security certificates, marriage certificates and educational diplomas.<\/p>\n<p>We currently offer authorised translations only in relation to <a href=\"http:\/\/www.aakkosto.fi\/en\/polish-translations\">Polish<\/a> and Finnish i.e. in the following language pairs: Polish-Finnish, Finnish-Polish. <\/p>\n<p>English-Polish authorised translations are offered to the corporate clients only.<\/p>\n\t\t\t\t\t\t<img decoding=\"async\" src=\"https:\/\/www.aakkosto.fi\/wp_aakkosto_2017\/wp-content\/uploads\/Aakkosto_logo_330x330_clean.jpg\" alt=\"Aakkosto_logo_330x330_clean\" \/>\n<h3>\n\t\tGet in touch\n\t<\/h3>\n\tK\u00e4\u00e4nn\u00f6stoimisto Aakkosto Oy<br \/>\nKavaljeerintie 10 A<br \/>\nFI-01520 VANTAA<br \/>\nVAT: FI 24416318\n<p>Email: info@aakkosto.fi<\/p>\n<h3>\n\t\tCall or send a message\n\t<\/h3>\n<h3>\n\t\tFollow Aakkosto\n\t<\/h3>\n\n","protected":false},"excerpt":{"rendered":"<p>Translation Services Basic translation Our translations are meticulously performed by a professional translator and proofread by the same person. A basic translation is suitable for documents such as internal company communication. We offer basic translations between Finnish, English, and Polish. Reviewed translation A reviewed translation is a basic translation that is proofread and reviewed by&hellip;<\/p>\n","protected":false},"author":3,"featured_media":0,"parent":0,"menu_order":0,"comment_status":"closed","ping_status":"closed","template":"","meta":{"_seopress_robots_primary_cat":"","_seopress_titles_title":"","_seopress_titles_desc":"","_seopress_robots_index":"","footnotes":""},"class_list":["post-239","page","type-page","status-publish","hentry"],"_links":{"self":[{"href":"https:\/\/www.aakkosto.fi\/en\/wp-json\/wp\/v2\/pages\/239","targetHints":{"allow":["GET"]}}],"collection":[{"href":"https:\/\/www.aakkosto.fi\/en\/wp-json\/wp\/v2\/pages"}],"about":[{"href":"https:\/\/www.aakkosto.fi\/en\/wp-json\/wp\/v2\/types\/page"}],"author":[{"embeddable":true,"href":"https:\/\/www.aakkosto.fi\/en\/wp-json\/wp\/v2\/users\/3"}],"replies":[{"embeddable":true,"href":"https:\/\/www.aakkosto.fi\/en\/wp-json\/wp\/v2\/comments?post=239"}],"version-history":[{"count":5,"href":"https:\/\/www.aakkosto.fi\/en\/wp-json\/wp\/v2\/pages\/239\/revisions"}],"predecessor-version":[{"id":781,"href":"https:\/\/www.aakkosto.fi\/en\/wp-json\/wp\/v2\/pages\/239\/revisions\/781"}],"wp:attachment":[{"href":"https:\/\/www.aakkosto.fi\/en\/wp-json\/wp\/v2\/media?parent=239"}],"curies":[{"name":"wp","href":"https:\/\/api.w.org\/{rel}","templated":true}]}}