{"id":226,"date":"2018-03-12T09:07:30","date_gmt":"2018-03-12T07:07:30","guid":{"rendered":"https:\/\/www.aakkosto.fi\/en\/?page_id=226"},"modified":"2018-03-13T13:28:34","modified_gmt":"2018-03-13T11:28:34","slug":"our-specialities","status":"publish","type":"page","link":"https:\/\/www.aakkosto.fi\/en\/our-specialities\/","title":{"rendered":"Our Specialities"},"content":{"rendered":"<h1>\n\t\tOur specialities<br \/>\n\t<\/h1>\n<ul>\n<li><a title=\"Liike-el\u00e4m\u00e4n ja rahoitusalan k\u00e4\u00e4nn\u00f6kset\" href=\"https:\/\/www.aakkosto.fi\/en\/our-specialities\/financial-translations\/\">Finnish financial translations<\/a><\/li>\n<li><a title=\"Markkinoinnin k\u00e4\u00e4nn\u00f6kset\" href=\"https:\/\/www.aakkosto.fi\/en\/our-specialities\/finnish-marketing-translations\/\">Finnish marketing translations<\/a><\/li>\n<li><a href=\"https:\/\/www.aakkosto.fi\/en\/our-specialities\/finnish-technical-translations\/\">Finnish technical translations<\/a><\/li>\n<li><a title=\"Tutkimusten k\u00e4\u00e4nn\u00f6kset\" href=\"https:\/\/www.aakkosto.fi\/en\/our-specialities\/research-translations\/\">Research translations<\/a> and\u00a0<a title=\"Kielentarkistus\" href=\"https:\/\/www.aakkosto.fi\/en\/proofreading-and-editing\/\">academic editing<\/a><\/li>\n<li><a href=\"https:\/\/www.aakkosto.fi\/en\/our-specialities\/desktop-publishing-dtp\/\">Translation with desktop publishing (DTP)<\/a><\/li>\n<\/ul>\n<p>\t\t\t\t\t\t<img decoding=\"async\" src=\"https:\/\/www.aakkosto.fi\/wp_aakkosto_2017\/wp-content\/uploads\/Aakkosto_logo_330x330_clean.jpg\" \/><\/p>\n<h3>\n\t\tOta yhteytt\u00e4<br \/>\n\t<\/h3>\n<p>K\u00e4\u00e4nn\u00f6stoimisto Aakkosto Oy<br \/>\nKavaljeerintie 10 A<br \/>\nFI-01520 VANTAA<br \/>\nVAT: FI 24416318<\/p>\n<p>Email: <a href=\"mailto:info@aakkosto.fi\">info@aakkosto.fi<\/a><\/p>\n<h3>\n\t\tSoita tai l\u00e4het\u00e4 viesti<br \/>\n\t<\/h3>\n<h3>\n\t\tSeuraa Aakkostoa<br \/>\n\t<\/h3>\n<p style=\"text-align: center;\">Copyright \u00a9 2006-2018 by <a href=\"http:\/\/www.aakkosto.fi\/\">Aakkosto Oy<\/a>. All Rights Reserved.<\/p>\n","protected":false},"excerpt":{"rendered":"<p>Our specialities Finnish financial translations Finnish marketing translations Finnish technical translations Research translations and\u00a0academic editing Translation with desktop publishing (DTP) Ota yhteytt\u00e4 K\u00e4\u00e4nn\u00f6stoimisto Aakkosto Oy Kavaljeerintie 10 A FI-01520 VANTAA VAT: FI 24416318 Email: info@aakkosto.fi Soita tai l\u00e4het\u00e4 viesti Seuraa Aakkostoa Copyright \u00a9 2006-2018 by Aakkosto Oy. All Rights Reserved.<\/p>\n","protected":false},"author":3,"featured_media":0,"parent":0,"menu_order":0,"comment_status":"closed","ping_status":"closed","template":"","meta":{"_seopress_robots_primary_cat":"","_seopress_titles_title":"Our Specialties - Finnish Translation Agency Aakkosto Oy","_seopress_titles_desc":"","_seopress_robots_index":"","footnotes":""},"class_list":["post-226","page","type-page","status-publish","hentry"],"_links":{"self":[{"href":"https:\/\/www.aakkosto.fi\/en\/wp-json\/wp\/v2\/pages\/226","targetHints":{"allow":["GET"]}}],"collection":[{"href":"https:\/\/www.aakkosto.fi\/en\/wp-json\/wp\/v2\/pages"}],"about":[{"href":"https:\/\/www.aakkosto.fi\/en\/wp-json\/wp\/v2\/types\/page"}],"author":[{"embeddable":true,"href":"https:\/\/www.aakkosto.fi\/en\/wp-json\/wp\/v2\/users\/3"}],"replies":[{"embeddable":true,"href":"https:\/\/www.aakkosto.fi\/en\/wp-json\/wp\/v2\/comments?post=226"}],"version-history":[{"count":5,"href":"https:\/\/www.aakkosto.fi\/en\/wp-json\/wp\/v2\/pages\/226\/revisions"}],"predecessor-version":[{"id":386,"href":"https:\/\/www.aakkosto.fi\/en\/wp-json\/wp\/v2\/pages\/226\/revisions\/386"}],"wp:attachment":[{"href":"https:\/\/www.aakkosto.fi\/en\/wp-json\/wp\/v2\/media?parent=226"}],"curies":[{"name":"wp","href":"https:\/\/api.w.org\/{rel}","templated":true}]}}