{"id":216,"date":"2016-08-01T08:19:03","date_gmt":"2016-08-01T08:19:03","guid":{"rendered":"https:\/\/www.aakkosto.fi\/en\/kaannostoimisto-2\/"},"modified":"2022-12-16T17:30:48","modified_gmt":"2022-12-16T15:30:48","slug":"finnish-translation-agency","status":"publish","type":"page","link":"https:\/\/www.aakkosto.fi\/en\/","title":{"rendered":"Finnish Translation Agency"},"content":{"rendered":"\n<h1>\n\t\tFinnish Translation Agency Aakkosto Oy\n\t<\/h1>\n\t<p>Aakkosto Oy is a true-born Finnish translation agency.<\/p>\nWe are professional native translators who have<br \/>\na deep understanding of Finland, Finnish language, culture, and people.\nWe know how business is done in Finland, and we know the language conventions.<br \/>\nAfter all, we have life-long local knowledge!\n<h3>\n\t\tWhen you need Finnish expertise, use real Finnish experts.\n\t<\/h3>\n\t\t\t<a href=\"#otayhteytta\" role=\"button\" target=\"_self\" onclick=\"\" rel=\"noopener\">\n\t\t\t\t\t\t\t\t\t\t\t\t\t\t\t\t\t\t\t\t\t\tContact us\n\t\t\t\t\t\t\t<\/a>\n\t\t\t<a href=\"#kaannospalvelut\" role=\"button\" target=\"_self\" onclick=\"\" rel=\"noopener\">\n\t\t\t\t\t\t\t\t\t\t\t\t\t\t\t\t\t\t\t\t\t\tOur services\n\t\t\t\t\t\t\t<\/a>\n\t\t<h2>\n\t\t\tTranslation Services\n\t\t<\/h2>\n\t\t\t<p>We provide you with high-quality translation in various languages, such as between Finnish, English, Swedish, German, Polish and German.<\/p>\t\t\n\t<a href=\"https:\/\/www.aakkosto.fi\/en\/translation-services\/\" target=\"_self\" role=\"button\" aria-label=\"Read more\" rel=\"noopener\">\n\t\t\t\t\t\tRead more\n\t\t\t\t\t<\/a>\n\t\t<h2>\n\t\t\tProofreading &#038; Editing\n\t\t<\/h2>\n\t\t\t<p>We provide both companies and authors with reliable and accurate proofreading, editing and linguistic review services.<\/p>\t\t\n\t<a href=\"https:\/\/www.aakkosto.fi\/en\/proofreading-and-editing\/\" target=\"_self\" role=\"button\" aria-label=\"Read more\" rel=\"noopener\">\n\t\t\t\t\t\tRead more\n\t\t\t\t\t<\/a>\n\t\t<h2>\n\t\t\tOur Customers\n\t\t<\/h2>\n\t\t\t<p>We can help small, medium-sized and large companies. Our clientele comprises universities, research institutions and also public administration and third sector organisations.<\/p>\t\t\n\t<a href=\"https:\/\/www.aakkosto.fi\/en\/our-clients\/\" target=\"_self\" role=\"button\" aria-label=\"Read more\" rel=\"noopener\">\n\t\t\t\t\t\tRead more\n\t\t\t\t\t<\/a>\n\t\t<h2>\n\t\t\tResponsibility\n\t\t<\/h2>\n\t\t\t<p>Aakkosto is a responsible actor. We wish to act for the benefit of our clients, employees, partners and all of society. We are always fair and abide by our agreements.<\/p>\t\t\n\t<a href=\"https:\/\/www.aakkosto.fi\/en\/responsibility\/\" target=\"_self\" role=\"button\" aria-label=\"Read more\" rel=\"noopener\">\n\t\t\t\t\t\tRead more\n\t\t\t\t\t<\/a>\n\t\t\t\t<h2>Customer Testimonials<\/h2>\n\t\t\t\t\t\t\t\t\t\t\t\t\t\t\t\t\t<h3>Anna-Maria Salmi<\/h3>\n\t\t\t\t\t\t\t\t\t\t\t\t\t\t\t\t\t\t\t\t\t\t\t\t\t<h4>Kehitt\u00e4misp\u00e4\u00e4llikk\u00f6, VTT, Helsingin yliopisto, Aleksanteri-instituutti<\/h4>\n\t\t\t\t\t\t\t\t\t\t\t\t\t\t<p><em>&#8220;Kansainv\u00e4lisess\u00e4 tiedemaailmassa moitteeton englanti on olennaisen t\u00e4rke\u00e4\u00e4. Aakkoston kielentarkistuspalvelussa on loistava hinta-laatu-suhde ja nopea toimitus. Voin l\u00e4mpim\u00e4sti suositella Aakkostoa kaikille tutkijoille ja muille kirjoittajille, jotka kirjoittavat englanniksi mutta eiv\u00e4t puhu sit\u00e4 \u00e4idinkielen\u00e4\u00e4n.&#8221; <\/em><\/p>\n\t\t\t\t\t\t\t\t\t\t\t\t\t\t\t\t\t<h3>Erkki R\u00e4s\u00e4nen<\/h3>\n\t\t\t\t\t\t\t\t\t\t\t\t\t\t\t\t\t\t\t\t\t\t\t\t\t<h4>Senior Manager, R&#038;D and Technology, Kemira<\/h4>\n\t\t\t\t\t\t\t\t\t\t\t\t\t\t<p><em>&#8220;Tarkistutamme englanninkielisten tutkimustemme kieliasun mielell\u00e4\u00e4n Aakkostossa, koska arvostamme heid\u00e4n erinomaista kieliosaamistaan ja nopeita toimitusaikojaan.&#8221;<\/em><\/p>\n\t\t\t\t<!-- \/.pp-testimonials -->\n<h2>\n\t\tContact us\n\t<\/h2>\n\t<p>Use the form below or send an email directly to info@aakkosto.fi<\/p>\n\t\t    <form data-form_id=\"3\" id=\"fluentform_3\" data-form_instance=\"ff_form_instance_3_1\" method=\"POST\">        <input type=\"checkbox\"\n                name=\"item__3__fluent_checkme_\"\n                value=\"1\" tabindex=\"-1\"\/>\n        <input type='hidden' name='__fluent_form_embded_post_id' value='216' \/><input type=\"hidden\" id=\"_fluentform_3_fluentformnonce\" name=\"_fluentform_3_fluentformnonce\" value=\"32465dc72c\" \/><input type=\"hidden\" name=\"_wp_http_referer\" value=\"\/en\/?fl_builder\" \/><p>When completing this form, your name, email, phone number and message will be collected in order to deal with, and only in relation to, your enquiry. Please read our <a href=\"https:\/\/www.aakkosto.fi\/tietosuoja\/\" target=\"_blank\" rel=\"noopener\">Privacy Policy (in Finnish)<\/a> to see how your data is used and stored.<\/p><label for='ff_3_input_text'>Name<\/label> <input type=\"text\" name=\"input_text\" data-name=\"input_text\" id=\"ff_3_input_text\"\/><label for='ff_3_email'>Email<\/label> <input type=\"email\" name=\"email\" id=\"ff_3_email\" data-name=\"email\"\/><label for='ff_3_input_text_1'>Phone<\/label> <input type=\"text\" name=\"input_text_1\" data-name=\"input_text_1\" id=\"ff_3_input_text_1\"\/><label for='ff_3_description'>Message<\/label> <textarea name=\"description\" id=\"ff_3_description\" rows=\"3\" cols=\"2\" data-name=\"description\"><\/textarea><button type=\"submit\">Send message<\/button><\/form>        \n<h3>\n\t\tGet in touch\n\t<\/h3>\n\tK\u00e4\u00e4nn\u00f6stoimisto Aakkosto Oy<br \/>\nKavaljeerintie 10 A<br \/>\nFI-01520 VANTAA<br \/>\nVAT: FI 24416318\n<p>Email: <a href=\"mailto:info@aakkosto.fi\">info@aakkosto.fi<\/a><\/p>\n<h3>\n\t\tCall or send a message\n\t<\/h3>\n<h3>\n\t\tFollow Aakkosto\n\t<\/h3>\n\t<p>Copyright \u00a9 <a href=\"http:\/\/www.aakkosto.fi\/\">Aakkosto Oy<\/a>. All Rights Reserved.<\/p>\n\n","protected":false},"excerpt":{"rendered":"<p>Finnish Translation Agency Aakkosto Oy Aakkosto Oy is a true-born Finnish translation agency. We are professional native translators who have a deep understanding of Finland, Finnish language, culture, and people. We know how business is done in Finland, and we know the language conventions. After all, we have life-long local knowledge! When you need Finnish&hellip;<\/p>\n","protected":false},"author":1,"featured_media":0,"parent":0,"menu_order":0,"comment_status":"closed","ping_status":"closed","template":"","meta":{"_seopress_robots_primary_cat":"","_seopress_titles_title":"Finnish Translation Agency Aakkosto Oy","_seopress_titles_desc":"Aakkosto Oy is a true-born Finnish translation agency. We know how business is done in Finland, and we know the language conventions. After all, we have life-long local knowledge. When you need Finnish expertise, use real Finnish experts.","_seopress_robots_index":"","_seopress_analysis_target_kw":"finnish translation agency","footnotes":""},"class_list":["post-216","page","type-page","status-publish","hentry"],"_links":{"self":[{"href":"https:\/\/www.aakkosto.fi\/en\/wp-json\/wp\/v2\/pages\/216","targetHints":{"allow":["GET"]}}],"collection":[{"href":"https:\/\/www.aakkosto.fi\/en\/wp-json\/wp\/v2\/pages"}],"about":[{"href":"https:\/\/www.aakkosto.fi\/en\/wp-json\/wp\/v2\/types\/page"}],"author":[{"embeddable":true,"href":"https:\/\/www.aakkosto.fi\/en\/wp-json\/wp\/v2\/users\/1"}],"replies":[{"embeddable":true,"href":"https:\/\/www.aakkosto.fi\/en\/wp-json\/wp\/v2\/comments?post=216"}],"version-history":[{"count":5,"href":"https:\/\/www.aakkosto.fi\/en\/wp-json\/wp\/v2\/pages\/216\/revisions"}],"predecessor-version":[{"id":768,"href":"https:\/\/www.aakkosto.fi\/en\/wp-json\/wp\/v2\/pages\/216\/revisions\/768"}],"wp:attachment":[{"href":"https:\/\/www.aakkosto.fi\/en\/wp-json\/wp\/v2\/media?parent=216"}],"curies":[{"name":"wp","href":"https:\/\/api.w.org\/{rel}","templated":true}]}}