{"id":210,"date":"2016-08-01T08:30:13","date_gmt":"2016-08-01T08:30:13","guid":{"rendered":"https:\/\/www.aakkosto.fi\/en\/?page_id=210"},"modified":"2018-03-13T13:19:21","modified_gmt":"2018-03-13T11:19:21","slug":"finnish-translation-with-desktop-publishing-dtp","status":"publish","type":"page","link":"https:\/\/www.aakkosto.fi\/en\/our-specialities\/finnish-translation-with-desktop-publishing-dtp\/","title":{"rendered":"Translation with DTP"},"content":{"rendered":"<h1>\n\t\tFinnish Translation with Desktop Publishing (DTP)<br \/>\n\t<\/h1>\n<article id=\"fl-post-210\">\n<p>We also offer desktop publishing services!<\/p>\n<p>We offer a comprehensive solution suitable in particular for brochures, employee magazines and other similar publications: the client sends us the InDesign file in the source language, we deliver a fully translated and ready-to-use publication. Avoid multiple work stages and time-consuming coordination; everything is taken care of as a one-stop service. Saves time, money \u2013 and, above all, nerves!<\/p>\n<p>We use the latest version of Adobe InDesign CC.<\/p>\n<p>Ask for further information or <a href=\"mailto:info@aakkosto.fi\">request a quote<\/a>!<\/p>\n<\/article>\n<p>\t\t\t\t\t\t<img decoding=\"async\" src=\"https:\/\/www.aakkosto.fi\/wp_aakkosto_2017\/wp-content\/uploads\/Aakkosto_logo_330x330_clean.jpg\" \/><\/p>\n<h3>\n\t\tOta yhteytt\u00e4<br \/>\n\t<\/h3>\n<p>K\u00e4\u00e4nn\u00f6stoimisto Aakkosto Oy<br \/>\nKavaljeerintie 10 A<br \/>\nFI-01520 VANTAA<br \/>\nVAT: FI 24416318<\/p>\n<p>Email: <a href=\"mailto:info@aakkosto.fi\">info@aakkosto.fi<\/a><\/p>\n<h3>\n\t\tSoita tai l\u00e4het\u00e4 viesti<br \/>\n\t<\/h3>\n<h3>\n\t\tSeuraa Aakkostoa<br \/>\n\t<\/h3>\n<p style=\"text-align: center;\">Copyright \u00a9 2006-2018 by <a href=\"http:\/\/www.aakkosto.fi\/\">Aakkosto Oy<\/a>. All Rights Reserved.<\/p>\n","protected":false},"excerpt":{"rendered":"<p>Finnish Translation with Desktop Publishing (DTP) We also offer desktop publishing services! We offer a comprehensive solution suitable in particular for brochures, employee magazines and other similar publications: the client sends us the InDesign file in the source language, we deliver a fully translated and ready-to-use publication. Avoid multiple work stages and time-consuming coordination; everything&hellip;<\/p>\n","protected":false},"author":1,"featured_media":0,"parent":226,"menu_order":0,"comment_status":"closed","ping_status":"closed","template":"","meta":{"_seopress_robots_primary_cat":"","_seopress_titles_title":"Finnish Translation with DTP - Finnish Translation Agency Aakkosto Oy","_seopress_titles_desc":"We offer a comprehensive translation + DTP solution: the you send us the InDesign file in the source language, we deliver a translated and ready-to-use publication. Avoid multiple work stages and time-consuming coordination; everything is taken care of as a one-stop service. Saves time, money \u2013 and, above all, nerves!","_seopress_robots_index":"","footnotes":""},"class_list":["post-210","page","type-page","status-publish","hentry"],"_links":{"self":[{"href":"https:\/\/www.aakkosto.fi\/en\/wp-json\/wp\/v2\/pages\/210","targetHints":{"allow":["GET"]}}],"collection":[{"href":"https:\/\/www.aakkosto.fi\/en\/wp-json\/wp\/v2\/pages"}],"about":[{"href":"https:\/\/www.aakkosto.fi\/en\/wp-json\/wp\/v2\/types\/page"}],"author":[{"embeddable":true,"href":"https:\/\/www.aakkosto.fi\/en\/wp-json\/wp\/v2\/users\/1"}],"replies":[{"embeddable":true,"href":"https:\/\/www.aakkosto.fi\/en\/wp-json\/wp\/v2\/comments?post=210"}],"version-history":[{"count":5,"href":"https:\/\/www.aakkosto.fi\/en\/wp-json\/wp\/v2\/pages\/210\/revisions"}],"predecessor-version":[{"id":383,"href":"https:\/\/www.aakkosto.fi\/en\/wp-json\/wp\/v2\/pages\/210\/revisions\/383"}],"up":[{"embeddable":true,"href":"https:\/\/www.aakkosto.fi\/en\/wp-json\/wp\/v2\/pages\/226"}],"wp:attachment":[{"href":"https:\/\/www.aakkosto.fi\/en\/wp-json\/wp\/v2\/media?parent=210"}],"curies":[{"name":"wp","href":"https:\/\/api.w.org\/{rel}","templated":true}]}}